{"id":9,"date":"2016-09-15T17:40:38","date_gmt":"2016-09-15T17:40:38","guid":{"rendered":"http:\/\/plumahotelcidade.com.br\/?page_id=9"},"modified":"2022-07-12T12:46:08","modified_gmt":"2022-07-12T12:46:08","slug":"o-hotel","status":"publish","type":"page","link":"https:\/\/plumahotelcidade.com.br\/?page_id=9","title":{"rendered":"O Hotel"},"content":{"rendered":"\t\t<div data-elementor-type=\"wp-post\" data-elementor-id=\"9\" class=\"elementor elementor-9\">\n\t\t\t\t\t\t<section class=\"elementor-section elementor-top-section elementor-element elementor-element-246076c3 elementor-section-boxed elementor-section-height-default elementor-section-height-default\" data-id=\"246076c3\" data-element_type=\"section\">\n\t\t\t\t\t\t<div class=\"elementor-container elementor-column-gap-default\">\n\t\t\t\t\t<div class=\"elementor-column elementor-col-100 elementor-top-column elementor-element elementor-element-d4ccd6\" data-id=\"d4ccd6\" data-element_type=\"column\">\n\t\t\t<div class=\"elementor-widget-wrap elementor-element-populated\">\n\t\t\t\t\t\t<div class=\"elementor-element elementor-element-7fcc8acc elementor-widget elementor-widget-text-editor\" data-id=\"7fcc8acc\" data-element_type=\"widget\" data-widget_type=\"text-editor.default\">\n\t\t\t\t<div class=\"elementor-widget-container\">\n\t\t\t\t\t\t\t\t\t<p style=\"text-align: center;\"><span style=\"font-size: 14pt;\"><strong>O Pluma Hotel Cidade oferece 50 apartamentos equipados com ar condicionado, frigobar, internet wireless sem fio, telefone e banheiro privativo. Com garagem coberta , lavanderia terceirizada e circuito interno de tv para sua total seguran\u00e7a. Di\u00e1rias com caf\u00e9 da manh\u00e3 incluso, sem taxas de servi\u00e7o. Aceitamos todos os cart\u00f5es de d\u00e9bito\/cr\u00e9dito e faturamos para empresas.<\/strong><\/span><\/p>\n<p><span style=\"font-size: 14pt;\"><img fetchpriority=\"high\" decoding=\"async\" class=\"size-full wp-image-235 aligncenter\" src=\"http:\/\/plumahotelcidade.com.br\/wp-content\/uploads\/2016\/09\/20170611_100136.jpg\" alt=\"20170611_100136\" width=\"800\" height=\"420\" srcset=\"https:\/\/plumahotelcidade.com.br\/wp-content\/uploads\/2016\/09\/20170611_100136.jpg 800w, https:\/\/plumahotelcidade.com.br\/wp-content\/uploads\/2016\/09\/20170611_100136-300x158.jpg 300w, https:\/\/plumahotelcidade.com.br\/wp-content\/uploads\/2016\/09\/20170611_100136-768x403.jpg 768w\" sizes=\"(max-width: 800px) 100vw, 800px\" \/><\/span><\/p>\n<p><span style=\"font-size: 14pt;\">&nbsp;<\/span><\/p>\n<p><span style=\"font-size: 14pt;\">&nbsp;<\/span><\/p>\n<p><br><\/p>\t\t\t\t\t\t\t\t<\/div>\n\t\t\t\t<\/div>\n\t\t\t\t\t<\/div>\n\t\t<\/div>\n\t\t\t\t\t<\/div>\n\t\t<\/section>\n\t\t\t\t<section class=\"elementor-section elementor-top-section elementor-element elementor-element-f14a88d elementor-section-boxed elementor-section-height-default elementor-section-height-default\" data-id=\"f14a88d\" data-element_type=\"section\">\n\t\t\t\t\t\t<div class=\"elementor-container elementor-column-gap-default\">\n\t\t\t\t\t<div class=\"elementor-column elementor-col-100 elementor-top-column elementor-element elementor-element-2569925\" data-id=\"2569925\" data-element_type=\"column\">\n\t\t\t<div class=\"elementor-widget-wrap elementor-element-populated\">\n\t\t\t\t\t\t<div class=\"elementor-element elementor-element-8019bca gallery-spacing-custom elementor-widget elementor-widget-image-gallery\" data-id=\"8019bca\" data-element_type=\"widget\" data-widget_type=\"image-gallery.default\">\n\t\t\t\t<div class=\"elementor-widget-container\">\n\t\t\t\t\t\t\t<div class=\"elementor-image-gallery\">\n\t\t\t<div id='gallery-1' class='gallery galleryid-9 gallery-columns-3 gallery-size-medium'><figure class='gallery-item'>\n\t\t\t<div class='gallery-icon landscape'>\n\t\t\t\t<a data-elementor-open-lightbox=\"yes\" data-elementor-lightbox-slideshow=\"8019bca\" data-elementor-lightbox-title=\"20170611_100527\" data-e-action-hash=\"#elementor-action%3Aaction%3Dlightbox%26settings%3DeyJpZCI6MjM2LCJ1cmwiOiJodHRwczpcL1wvcGx1bWFob3RlbGNpZGFkZS5jb20uYnJcL3dwLWNvbnRlbnRcL3VwbG9hZHNcLzIwMTZcLzA5XC8yMDE3MDYxMV8xMDA1MjcuanBnIiwic2xpZGVzaG93IjoiODAxOWJjYSJ9\" href='https:\/\/plumahotelcidade.com.br\/wp-content\/uploads\/2016\/09\/20170611_100527.jpg'><img decoding=\"async\" width=\"300\" height=\"225\" src=\"https:\/\/plumahotelcidade.com.br\/wp-content\/uploads\/2016\/09\/20170611_100527-300x225.jpg\" class=\"attachment-medium size-medium\" alt=\"\" srcset=\"https:\/\/plumahotelcidade.com.br\/wp-content\/uploads\/2016\/09\/20170611_100527-300x225.jpg 300w, https:\/\/plumahotelcidade.com.br\/wp-content\/uploads\/2016\/09\/20170611_100527-768x576.jpg 768w, https:\/\/plumahotelcidade.com.br\/wp-content\/uploads\/2016\/09\/20170611_100527.jpg 800w\" sizes=\"(max-width: 300px) 100vw, 300px\" \/><\/a>\n\t\t\t<\/div><\/figure><figure class='gallery-item'>\n\t\t\t<div class='gallery-icon landscape'>\n\t\t\t\t<a data-elementor-open-lightbox=\"yes\" data-elementor-lightbox-slideshow=\"8019bca\" data-elementor-lightbox-title=\"20170616_141340\" data-e-action-hash=\"#elementor-action%3Aaction%3Dlightbox%26settings%3DeyJpZCI6MjM3LCJ1cmwiOiJodHRwczpcL1wvcGx1bWFob3RlbGNpZGFkZS5jb20uYnJcL3dwLWNvbnRlbnRcL3VwbG9hZHNcLzIwMTZcLzA5XC8yMDE3MDYxNl8xNDEzNDAuanBnIiwic2xpZGVzaG93IjoiODAxOWJjYSJ9\" href='https:\/\/plumahotelcidade.com.br\/wp-content\/uploads\/2016\/09\/20170616_141340.jpg'><img decoding=\"async\" width=\"300\" height=\"225\" src=\"https:\/\/plumahotelcidade.com.br\/wp-content\/uploads\/2016\/09\/20170616_141340-300x225.jpg\" class=\"attachment-medium size-medium\" alt=\"\" srcset=\"https:\/\/plumahotelcidade.com.br\/wp-content\/uploads\/2016\/09\/20170616_141340-300x225.jpg 300w, https:\/\/plumahotelcidade.com.br\/wp-content\/uploads\/2016\/09\/20170616_141340-768x576.jpg 768w, https:\/\/plumahotelcidade.com.br\/wp-content\/uploads\/2016\/09\/20170616_141340.jpg 800w\" sizes=\"(max-width: 300px) 100vw, 300px\" \/><\/a>\n\t\t\t<\/div><\/figure><figure class='gallery-item'>\n\t\t\t<div class='gallery-icon landscape'>\n\t\t\t\t<a data-elementor-open-lightbox=\"yes\" data-elementor-lightbox-slideshow=\"8019bca\" data-elementor-lightbox-title=\"20170616_144652\" data-e-action-hash=\"#elementor-action%3Aaction%3Dlightbox%26settings%3DeyJpZCI6MjM4LCJ1cmwiOiJodHRwczpcL1wvcGx1bWFob3RlbGNpZGFkZS5jb20uYnJcL3dwLWNvbnRlbnRcL3VwbG9hZHNcLzIwMTZcLzA5XC8yMDE3MDYxNl8xNDQ2NTIuanBnIiwic2xpZGVzaG93IjoiODAxOWJjYSJ9\" href='https:\/\/plumahotelcidade.com.br\/wp-content\/uploads\/2016\/09\/20170616_144652.jpg'><img loading=\"lazy\" decoding=\"async\" width=\"300\" height=\"225\" src=\"https:\/\/plumahotelcidade.com.br\/wp-content\/uploads\/2016\/09\/20170616_144652-300x225.jpg\" class=\"attachment-medium size-medium\" alt=\"\" srcset=\"https:\/\/plumahotelcidade.com.br\/wp-content\/uploads\/2016\/09\/20170616_144652-300x225.jpg 300w, https:\/\/plumahotelcidade.com.br\/wp-content\/uploads\/2016\/09\/20170616_144652-768x576.jpg 768w, https:\/\/plumahotelcidade.com.br\/wp-content\/uploads\/2016\/09\/20170616_144652.jpg 800w\" sizes=\"(max-width: 300px) 100vw, 300px\" \/><\/a>\n\t\t\t<\/div><\/figure>\n\t\t<\/div>\n\t\t<\/div>\n\t\t\t\t\t\t<\/div>\n\t\t\t\t<\/div>\n\t\t\t\t\t<\/div>\n\t\t<\/div>\n\t\t\t\t\t<\/div>\n\t\t<\/section>\n\t\t\t\t<\/div>\n\t\t","protected":false},"excerpt":{"rendered":"<p>O Pluma Hotel Cidade oferece 50 apartamentos equipados com ar condicionado, frigobar, internet wireless sem fio, telefone e banheiro privativo. Com garagem coberta , lavanderia&hellip;<\/p>\n","protected":false},"author":1,"featured_media":0,"parent":0,"menu_order":0,"comment_status":"closed","ping_status":"closed","template":"","meta":{"footnotes":""},"_links":{"self":[{"href":"https:\/\/plumahotelcidade.com.br\/index.php?rest_route=\/wp\/v2\/pages\/9"}],"collection":[{"href":"https:\/\/plumahotelcidade.com.br\/index.php?rest_route=\/wp\/v2\/pages"}],"about":[{"href":"https:\/\/plumahotelcidade.com.br\/index.php?rest_route=\/wp\/v2\/types\/page"}],"author":[{"embeddable":true,"href":"https:\/\/plumahotelcidade.com.br\/index.php?rest_route=\/wp\/v2\/users\/1"}],"replies":[{"embeddable":true,"href":"https:\/\/plumahotelcidade.com.br\/index.php?rest_route=%2Fwp%2Fv2%2Fcomments&post=9"}],"version-history":[{"count":11,"href":"https:\/\/plumahotelcidade.com.br\/index.php?rest_route=\/wp\/v2\/pages\/9\/revisions"}],"predecessor-version":[{"id":1415,"href":"https:\/\/plumahotelcidade.com.br\/index.php?rest_route=\/wp\/v2\/pages\/9\/revisions\/1415"}],"wp:attachment":[{"href":"https:\/\/plumahotelcidade.com.br\/index.php?rest_route=%2Fwp%2Fv2%2Fmedia&parent=9"}],"curies":[{"name":"wp","href":"https:\/\/api.w.org\/{rel}","templated":true}]}}